{"id":9760,"date":"2019-12-29T12:49:43","date_gmt":"2019-12-29T11:49:43","guid":{"rendered":"https:\/\/www.ortarzo.it\/?page_id=9760"},"modified":"2025-02-08T14:37:44","modified_gmt":"2025-02-08T13:37:44","slug":"attivita","status":"publish","type":"page","link":"https:\/\/www.ortarzo.it\/en\/area-soci\/attivita\/","title":{"rendered":"Calendario attivit\u00e0"},"content":{"rendered":"<p>Il calendario contiene tutte le attivit\u00e0 organizzate dalla societ\u00e0: allenamenti fisici e tecnici, gare promozionali, regionali e nazionali per le quali si prevede l&#8217;organizzazione della trasferta.<br \/>\nCon questo <a href=\"https:\/\/www.ortarzo.it\/area-soci\/form-iscrizione-gare\/\">link <\/a>si accede ai form di iscrizione.<\/p>\n<p>Per una corretta visualizzazione del calendario da smartphone <span style=\"color: #ff6600;\">ruotare in orizzontale<\/span>.<\/p>\n<p><iframe loading=\"lazy\" style=\"border-width: 0;\" src=\"https:\/\/calendar.google.com\/calendar\/embed?height=800&amp;wkst=2&amp;ctz=Europe%2FRome&amp;showTz=0&amp;showTitle=0&amp;showPrint=0&amp;showCalendars=0&amp;src=ZDA5YzU4OTQ2NTk1NWIzNGM0NmEyOGY0MTc4MmE4YTE4MGQ5ZDU0OThlMGUzMDRiYzAwODRkMzVlMTY3NTU0NUBncm91cC5jYWxlbmRhci5nb29nbGUuY29t&amp;color=%233F51B5\" width=\"600\" height=\"400\" frameborder=\"0\" scrolling=\"on\"><span data-mce-type=\"bookmark\" style=\"display: inline-block; width: 0px; overflow: hidden; line-height: 0;\" class=\"mce_SELRES_start\">\ufeff<\/span><span data-mce-type=\"bookmark\" style=\"display: inline-block; width: 0px; overflow: hidden; line-height: 0;\" class=\"mce_SELRES_start\">\ufeff<\/span><span data-mce-type=\"bookmark\" style=\"display: inline-block; width: 0px; overflow: hidden; line-height: 0;\" class=\"mce_SELRES_start\">\ufeff<\/span><\/iframe><\/p>\n<p>Per aggiungere il &#8220;Calendario Or-Tarzo&#8221; nel vostro &#8220;Google Calendar&#8221; cliccate il seguente <a href=\"https:\/\/calendar.google.com\/calendar\/u\/3?cid=ZDA5YzU4OTQ2NTk1NWIzNGM0NmEyOGY0MTc4MmE4YTE4MGQ5ZDU0OThlMGUzMDRiYzAwODRkMzVlMTY3NTU0NUBncm91cC5jYWxlbmRhci5nb29nbGUuY29t\">link<\/a>.<\/p>\n<p>Vai ai form di <a href=\"https:\/\/www.ortarzo.it\/area-soci\/form-iscrizione-gare\/\" target=\"_blank\" rel=\"noopener\">iscrizione gare<\/a><\/p>\n","protected":false},"excerpt":{"rendered":"<p>Il calendario contiene tutte le attivit\u00e0 organizzate dalla societ\u00e0: allenamenti fisici e tecnici, gare promozionali, regionali e nazionali per le quali si prevede l&#8217;organizzazione della trasferta. Con questo link si accede ai form di iscrizione. Per una corretta visualizzazione del calendario da smartphone ruotare in orizzontale. \ufeff\ufeff\ufeff Per aggiungere il &#8220;Calendario Or-Tarzo&#8221; nel vostro &#8220;Google [&hellip;]<\/p>\n","protected":false},"author":37,"featured_media":0,"parent":5746,"menu_order":0,"comment_status":"closed","ping_status":"closed","template":"","meta":{"footnotes":""},"class_list":["post-9760","page","type-page","status-publish","hentry"],"_links":{"self":[{"href":"https:\/\/www.ortarzo.it\/en\/wp-json\/wp\/v2\/pages\/9760","targetHints":{"allow":["GET"]}}],"collection":[{"href":"https:\/\/www.ortarzo.it\/en\/wp-json\/wp\/v2\/pages"}],"about":[{"href":"https:\/\/www.ortarzo.it\/en\/wp-json\/wp\/v2\/types\/page"}],"author":[{"embeddable":true,"href":"https:\/\/www.ortarzo.it\/en\/wp-json\/wp\/v2\/users\/37"}],"replies":[{"embeddable":true,"href":"https:\/\/www.ortarzo.it\/en\/wp-json\/wp\/v2\/comments?post=9760"}],"version-history":[{"count":34,"href":"https:\/\/www.ortarzo.it\/en\/wp-json\/wp\/v2\/pages\/9760\/revisions"}],"predecessor-version":[{"id":14403,"href":"https:\/\/www.ortarzo.it\/en\/wp-json\/wp\/v2\/pages\/9760\/revisions\/14403"}],"up":[{"embeddable":true,"href":"https:\/\/www.ortarzo.it\/en\/wp-json\/wp\/v2\/pages\/5746"}],"wp:attachment":[{"href":"https:\/\/www.ortarzo.it\/en\/wp-json\/wp\/v2\/media?parent=9760"}],"curies":[{"name":"wp","href":"https:\/\/api.w.org\/{rel}","templated":true}]}}