{"id":8465,"date":"2017-04-26T15:45:43","date_gmt":"2017-04-26T13:45:43","guid":{"rendered":"https:\/\/www.ortarzo.it\/?page_id=8465"},"modified":"2022-04-11T22:07:57","modified_gmt":"2022-04-11T20:07:57","slug":"mappa","status":"publish","type":"page","link":"https:\/\/www.ortarzo.it\/en\/formazione\/mappa\/","title":{"rendered":"La mappa"},"content":{"rendered":"<p>Per praticare orienteering \u00e8 indispensabile leggere alla perfezione le mappe: quando sarete da soli in un bosco norvegese sar\u00e0 l&#8217;unica cosa che vi permetter\u00e0 di tornare a casa!\u00a0Iniziamo dalle basi: cos&#8217;\u00e8 una mappa?<\/p>\n<blockquote><p>Una mappa \u00e8 una rappresentazione <strong>ridotta<\/strong>, <strong>approssimata<\/strong>\u00a0e <strong>simbolica<\/strong> della superficie terrestre.<\/p><\/blockquote>\n<p>Analizziamo una per una le parole chiavi, ci aiuteranno a capire meglio di cosa stiamo parlando.<\/p>\n<h2>Ridotta<\/h2>\n<p>Chiaramente per fare stare una citt\u00e0 o diversi chilometri di bosco in un singolo foglio \u00e8 necessario\u00a0fare una riduzione in scala.\u00a0Una scala tipica per le cartine da orienteering \u00e8 1:10.000. Significa che un centimetro sulla mappa corrisponde a 10.000 centimetri (100 metri) sul terreno.\u00a0Possiamo dire che viene fatta una riduzione di 10.000 volte. Una cartina\u00a0stradale (che solitamente rappresenta il territorio di una\u00a0provincia) pu\u00f2 avere una scala di 1:300.000; un planisfero (che rappresenta l&#8217;intero globo) ha una riduzione\u00a0di decine\u00a0di milioni.<br \/>\nOgni cartina viene disegnata specificatamente per una singola scala: il cartografo in fase di rilievo dovr\u00e0 decidere quali oggetti includere e quali no, a seconda se questi ci stanno o meno con la riduzione utilizzata.<\/p>\n<div id=\"attachment_8482\" style=\"width: 946px\" class=\"wp-caption aligncenter\"><a href=\"https:\/\/files.ortarzo.it\/2017\/04\/confronto-scala-carte.jpg\" data-rel=\"lightbox-image-0\" data-rl_title=\"\" data-rl_caption=\"\" title=\"\"><img loading=\"lazy\" decoding=\"async\" aria-describedby=\"caption-attachment-8482\" class=\"size-full wp-image-8482\" src=\"https:\/\/files.ortarzo.it\/2017\/04\/confronto-scala-carte.jpg\" alt=\"\" width=\"936\" height=\"625\" srcset=\"https:\/\/files.ortarzo.it\/2017\/04\/confronto-scala-carte.jpg 936w, https:\/\/files.ortarzo.it\/2017\/04\/confronto-scala-carte-300x200.jpg 300w, https:\/\/files.ortarzo.it\/2017\/04\/confronto-scala-carte-768x513.jpg 768w, https:\/\/files.ortarzo.it\/2017\/04\/confronto-scala-carte-165x110.jpg 165w\" sizes=\"auto, (max-width: 936px) 100vw, 936px\" \/><\/a><p id=\"caption-attachment-8482\" class=\"wp-caption-text\">A sinistra una mappa stradale 1:300.000, a destra una mappa da orienteering 1:5.000<\/p><\/div>\n<div class=\"panel panel-primary\"><div class=\"panel-heading\">Riduzioni in scala tipiche dell&#039;orienteering<\/div><div class=\"panel-body\">\n<p><strong>1:15.000<\/strong> (1 cm sulla mappa = 150 m\u00a0sul terreno), utilizzata nelle gare Long.<br \/>\n<strong>1:10.000<\/strong> (1 cm = 100 m), utilizzata nelle gare Middle e in alcune Long<br \/>\n<strong>1:7.500<\/strong> (1 cm = 75 m), utilizzata in alcune gare Middle e in alcune promozionali<br \/>\n<strong>1:5.000<\/strong> (1 cm = 50 m), utilizzata in alcune gare Sprint e nelle promozionali<br \/>\n<strong>1:4.000<\/strong> (1 cm = 40 m), utilizzata nelle gare Sprint<\/p>\n<\/div><\/div>\n<h2>Approssimata<\/h2>\n<p>Bisogna convincersene fin da subito: <strong>la mappa\u00a0perfetta non esiste<\/strong>. Per quanto possa essere precisa sar\u00e0 sempre una rappresentazione bidimensionale della realt\u00e0 che \u00e8 tridimensionale. L&#8217;operazione che permette di\u00a0&#8220;stampare&#8221; la Terra su un foglio di carta si chiama <a href=\"https:\/\/it.wikipedia.org\/wiki\/Proiezione_cartografica\" target=\"_blank\" rel=\"noopener noreferrer\" title=\"\">proiezione<\/a>, ad esempio \u00e8 famosa quella di <a href=\"https:\/\/it.wikipedia.org\/wiki\/Proiezione_cilindrica_centrografica_modificata_di_Mercatore\" target=\"_blank\" rel=\"noopener noreferrer\" title=\"\">Mercatore<\/a>.\u00a0Fortunatamente le cartine\u00a0da orienteering rappresentano aree piccole (rispetto all&#8217;intero globo) e\u00a0queste distorsioni sono impercettibili,\u00a0l&#8217;approssimazione sar\u00e0 data\u00a0sopratutto dalla riduzione in scala.<\/p>\n<div id=\"attachment_8485\" style=\"width: 1010px\" class=\"wp-caption aligncenter\"><a href=\"https:\/\/files.ortarzo.it\/2017\/04\/img_5668.jpg\" data-rel=\"lightbox-image-1\" data-rl_title=\"\" data-rl_caption=\"\" title=\"\"><img loading=\"lazy\" decoding=\"async\" aria-describedby=\"caption-attachment-8485\" class=\"wp-image-8485 size-full\" src=\"https:\/\/files.ortarzo.it\/2017\/04\/img_5668.jpg\" alt=\"mappa di un bosco con moltissimi sassi\" width=\"1000\" height=\"750\" srcset=\"https:\/\/files.ortarzo.it\/2017\/04\/img_5668.jpg 1000w, https:\/\/files.ortarzo.it\/2017\/04\/img_5668-300x225.jpg 300w, https:\/\/files.ortarzo.it\/2017\/04\/img_5668-768x576.jpg 768w, https:\/\/files.ortarzo.it\/2017\/04\/img_5668-147x110.jpg 147w\" sizes=\"auto, (max-width: 1000px) 100vw, 1000px\" \/><\/a><p id=\"caption-attachment-8485\" class=\"wp-caption-text\">Non si possono disegnare tutti i sassi: bisogna scegliere quelli pi\u00f9 grandi!<\/p><\/div>\n<h2>Simbolica<\/h2>\n<p>Per rappresentare la realt\u00e0 possiamo utilizzare una foto dall&#8217;alto. Sarebbe una rappresentazione fedele ma molte volte inutile, proviamo a pensare a un bosco dall&#8217;alto: vedremmo solamente una distesa verde. \u00c8 invece molto pi\u00f9 utile introdurre dei simboli e dei colori che possano trasmettere al lettore molte pi\u00f9 informazioni. Ad esempio il bosco &#8220;pulito&#8221; (senza rovi) \u00e8 colorato di bianco e quello &#8220;sporco&#8221; \u00e8 verde. I prati sono gialli, gli alberi isolati sono puntini verdi e i sassi puntini neri.<\/p>\n<div id=\"attachment_8486\" style=\"width: 690px\" class=\"wp-caption aligncenter\"><a href=\"https:\/\/files.ortarzo.it\/2017\/04\/confronto-orienteering-satellite.jpg\" data-rel=\"lightbox-image-2\" data-rl_title=\"\" data-rl_caption=\"\" title=\"\"><img loading=\"lazy\" decoding=\"async\" aria-describedby=\"caption-attachment-8486\" class=\"size-large wp-image-8486\" src=\"https:\/\/files.ortarzo.it\/2017\/04\/confronto-orienteering-satellite-1024x410.jpg\" alt=\"\" width=\"680\" height=\"272\" srcset=\"https:\/\/files.ortarzo.it\/2017\/04\/confronto-orienteering-satellite-1024x410.jpg 1024w, https:\/\/files.ortarzo.it\/2017\/04\/confronto-orienteering-satellite-300x120.jpg 300w, https:\/\/files.ortarzo.it\/2017\/04\/confronto-orienteering-satellite-768x308.jpg 768w, https:\/\/files.ortarzo.it\/2017\/04\/confronto-orienteering-satellite-275x110.jpg 275w, https:\/\/files.ortarzo.it\/2017\/04\/confronto-orienteering-satellite.jpg 1710w\" sizes=\"auto, (max-width: 680px) 100vw, 680px\" \/><\/a><p id=\"caption-attachment-8486\" class=\"wp-caption-text\">La foto dall&#8217;alto \u00e8 utile sui prati ma non fornisce informazioni sul bosco<\/p><\/div>\n<p>Da notare\u00a0che rappresentare un sasso di diametro 1 metro \u00a0in una cartina in scala 1:10.000 significa disegnare un puntino nero di diametro 0,1 mm. Praticamente invisibile (\u00e8 il diametro di un capello). Per convenzione<strong> molti simboli sono esagerati rispetto alla realt\u00e0<\/strong>, per poter garantire la leggibilit\u00e0 della mappa. Quindi il sasso appena citato viene rappresentato con un puntino di diametro 0,6 mm (quindi 6 volte pi\u00f9 grande).<\/p>\n<div class=\"panel panel-primary\"><div class=\"panel-heading\">Usare la mappa per calcolare una distanza<\/div><div class=\"panel-body\">Prendiamo una mappa in scala 1:10.000, la distanza sulla mappa dal punto A al punto B \u00e8 di 5 cm. Sapendo che ogni centimetro sulla mappa sono 10.000 centimetri nella realt\u00e0, bisogna fare 5&#215;10.000 = 50.000 cm = 500 m<\/div><\/div>\n<p>Ore cha abbiamo capito cos&#8217;\u00e8 una mappa possiamo scoprire qual \u00e8 la <a href=\"https:\/\/www.ortarzo.it\/formazione\/la-mappa-orienteering\/simbologia\/\">simbologia delle mappe da orienteering<\/a>, un capitolo apposito sar\u00e0 invece dedicato alle <a href=\"https:\/\/www.ortarzo.it\/formazione\/la-mappa-orienteering\/le-curve-livello\/\">curve di livello<\/a>.<\/p>\n","protected":false},"excerpt":{"rendered":"<p>Per praticare orienteering \u00e8 indispensabile leggere alla perfezione le mappe: quando sarete da soli in un bosco norvegese sar\u00e0 l&#8217;unica cosa che vi permetter\u00e0 di tornare a casa!\u00a0Iniziamo dalle basi: cos&#8217;\u00e8 una mappa? Una mappa \u00e8 una rappresentazione ridotta, approssimata\u00a0e simbolica della superficie terrestre. Analizziamo una per una le parole chiavi, ci aiuteranno a capire [&hellip;]<\/p>\n","protected":false},"author":26,"featured_media":6526,"parent":8331,"menu_order":0,"comment_status":"closed","ping_status":"closed","template":"","meta":{"footnotes":""},"class_list":["post-8465","page","type-page","status-publish","has-post-thumbnail","hentry"],"_links":{"self":[{"href":"https:\/\/www.ortarzo.it\/en\/wp-json\/wp\/v2\/pages\/8465","targetHints":{"allow":["GET"]}}],"collection":[{"href":"https:\/\/www.ortarzo.it\/en\/wp-json\/wp\/v2\/pages"}],"about":[{"href":"https:\/\/www.ortarzo.it\/en\/wp-json\/wp\/v2\/types\/page"}],"author":[{"embeddable":true,"href":"https:\/\/www.ortarzo.it\/en\/wp-json\/wp\/v2\/users\/26"}],"replies":[{"embeddable":true,"href":"https:\/\/www.ortarzo.it\/en\/wp-json\/wp\/v2\/comments?post=8465"}],"version-history":[{"count":19,"href":"https:\/\/www.ortarzo.it\/en\/wp-json\/wp\/v2\/pages\/8465\/revisions"}],"predecessor-version":[{"id":11440,"href":"https:\/\/www.ortarzo.it\/en\/wp-json\/wp\/v2\/pages\/8465\/revisions\/11440"}],"up":[{"embeddable":true,"href":"https:\/\/www.ortarzo.it\/en\/wp-json\/wp\/v2\/pages\/8331"}],"wp:featuredmedia":[{"embeddable":true,"href":"https:\/\/www.ortarzo.it\/en\/wp-json\/wp\/v2\/media\/6526"}],"wp:attachment":[{"href":"https:\/\/www.ortarzo.it\/en\/wp-json\/wp\/v2\/media?parent=8465"}],"curies":[{"name":"wp","href":"https:\/\/api.w.org\/{rel}","templated":true}]}}