{"id":8443,"date":"2017-04-26T11:52:30","date_gmt":"2017-04-26T09:52:30","guid":{"rendered":"https:\/\/www.ortarzo.it\/?page_id=8443"},"modified":"2017-04-27T17:22:29","modified_gmt":"2017-04-27T15:22:29","slug":"descrizione-dei-punti","status":"publish","type":"page","link":"https:\/\/www.ortarzo.it\/en\/formazione\/descrizione-dei-punti\/","title":{"rendered":"Descrizione dei punti"},"content":{"rendered":"<p>In una gara di orienteering uno strumento molto utile \u00e8 la descrizione dei punti\u00a0che solitamente \u00e8 stampata sulla mappa di gara ma spesso viene\u00a0consegnata separatamente per\u00a0applicarla nel porta descrizioni sull&#8217;avambraccio.<\/p>\n<p>La\u00a0descrizione dei punti ci fornisce informazioni dettagliate e precise su ogni punto di controllo che dobbiamo raggiungere. La descrizione pu\u00f2 essere <strong>testuale<\/strong> (per i principianti) oppure <strong>simbolica<\/strong> (che risulter\u00e0 leggibile da chiunque, indipendentemente dalla lingua parlata).<\/p>\n<p><a href=\"https:\/\/files.ortarzo.it\/2017\/04\/descrizione-punti-testuale-e-simbolica.jpg\" data-rel=\"lightbox-image-0\" data-rl_title=\"\" data-rl_caption=\"\" title=\"\"><img loading=\"lazy\" decoding=\"async\" class=\"aligncenter wp-image-8448 size-large\" src=\"https:\/\/files.ortarzo.it\/2017\/04\/descrizione-punti-testuale-e-simbolica-1024x686.jpg\" alt=\"Esempio di descrizione dei punti: testuale e simbolica\" width=\"680\" height=\"456\" srcset=\"https:\/\/files.ortarzo.it\/2017\/04\/descrizione-punti-testuale-e-simbolica-1024x686.jpg 1024w, https:\/\/files.ortarzo.it\/2017\/04\/descrizione-punti-testuale-e-simbolica-300x201.jpg 300w, https:\/\/files.ortarzo.it\/2017\/04\/descrizione-punti-testuale-e-simbolica-768x514.jpg 768w, https:\/\/files.ortarzo.it\/2017\/04\/descrizione-punti-testuale-e-simbolica-164x110.jpg 164w, https:\/\/files.ortarzo.it\/2017\/04\/descrizione-punti-testuale-e-simbolica.jpg 1717w\" sizes=\"auto, (max-width: 680px) 100vw, 680px\" \/><\/a><\/p>\n<p>Come si vede dalle immagini qui sopra le informazioni sono essenzialmente due: il codice che troveremo sul punto di controllo e il posizionamento esatto rispetto all&#8217;oggetto che troviamo in mappa.<\/p>\n<p><a href=\"https:\/\/files.ortarzo.it\/2017\/04\/percorso-relativo-a-descrizioni-punti.jpg\" data-rel=\"lightbox-image-1\" data-rl_title=\"\" data-rl_caption=\"\" title=\"\"><img loading=\"lazy\" decoding=\"async\" class=\"aligncenter wp-image-8449 size-large\" src=\"https:\/\/files.ortarzo.it\/2017\/04\/percorso-relativo-a-descrizioni-punti-1024x952.jpg\" alt=\"Mappa del percorso\" width=\"680\" height=\"632\" srcset=\"https:\/\/files.ortarzo.it\/2017\/04\/percorso-relativo-a-descrizioni-punti-1024x952.jpg 1024w, https:\/\/files.ortarzo.it\/2017\/04\/percorso-relativo-a-descrizioni-punti-300x279.jpg 300w, https:\/\/files.ortarzo.it\/2017\/04\/percorso-relativo-a-descrizioni-punti-768x714.jpg 768w, https:\/\/files.ortarzo.it\/2017\/04\/percorso-relativo-a-descrizioni-punti-118x110.jpg 118w\" sizes=\"auto, (max-width: 680px) 100vw, 680px\" \/><\/a>Mentre il codice \u00e8 sempre utile per verificare di essere arrivati alla lanterna giusta ed evitare di incorrere in una <em>punzonatura errata<\/em>, la descrizione esatta del posizionamento del punto pu\u00f2 diventare utile in alcune circostanze, si veda questo esempio: il punto \u00e8 posizionato nell&#8217;angolo del recinto, ma nella parte ovest (prato)\u00a0o nella parte est (strada)?<\/p>\n<p><a href=\"https:\/\/files.ortarzo.it\/2017\/04\/angolo-recinto-dubbio.jpg\" data-rel=\"lightbox-image-2\" data-rl_title=\"\" data-rl_caption=\"\" title=\"\"><img loading=\"lazy\" decoding=\"async\" class=\"aligncenter wp-image-8452 size-medium\" src=\"https:\/\/files.ortarzo.it\/2017\/04\/angolo-recinto-dubbio-300x204.jpg\" alt=\"Cerchietto sull'angolo del recinto\" width=\"300\" height=\"204\" srcset=\"https:\/\/files.ortarzo.it\/2017\/04\/angolo-recinto-dubbio-300x204.jpg 300w, https:\/\/files.ortarzo.it\/2017\/04\/angolo-recinto-dubbio-162x110.jpg 162w, https:\/\/files.ortarzo.it\/2017\/04\/angolo-recinto-dubbio.jpg 514w\" sizes=\"auto, (max-width: 300px) 100vw, 300px\" \/><\/a><\/p>\n<p>Guardando solamente la mappa \u00e8 impossibile capirlo. Infatti per regolamento il centro del cerchietto viene posizionato al centro dell&#8217;oggetto, in questo caso l&#8217;angolo, e non sul lato esatto. Utilizzando la descrizione del punto la risposta \u00e8 facile: angolo esterno est.<a href=\"https:\/\/files.ortarzo.it\/2017\/04\/descrizione-recinto-dubbio.jpg\" data-rel=\"lightbox-image-3\" data-rl_title=\"\" data-rl_caption=\"\" title=\"\"><img loading=\"lazy\" decoding=\"async\" class=\"aligncenter wp-image-8454 size-medium\" src=\"https:\/\/files.ortarzo.it\/2017\/04\/descrizione-recinto-dubbio-300x37.jpg\" alt=\"Punto 41, recinto angolo esterno est\" width=\"300\" height=\"37\" srcset=\"https:\/\/files.ortarzo.it\/2017\/04\/descrizione-recinto-dubbio-300x37.jpg 300w, https:\/\/files.ortarzo.it\/2017\/04\/descrizione-recinto-dubbio.jpg 497w\" sizes=\"auto, (max-width: 300px) 100vw, 300px\" \/><\/a><\/p>\n<p>Chiaramente arrivare fin da subito dalla parte giusta del recinto (non attraversabile) <strong>ci fa risparmiare un sacco di tempo<\/strong>. \u00c8 quindi importante imparare\u00a0a leggere la descrizione dei punti, specialmente quella simbolica (che spesso fornisce informazioni pi\u00f9 precise rispetto a quella testuale).<\/p>\n<p>Solitamente la <strong>prima riga<\/strong>\u00a0indica la categoria, la lunghezza e il dislivello. Dopodich\u00e9 nella <strong>seconda\u00a0riga<\/strong> \u00e8 riportata la posizione esatta della partenza (triangolo). Sul terreno la partenza \u00e8 indicata dal &#8220;punto k&#8221;, una lanterna senza numero e senza punzone. Pu\u00f2 coincidere con il punto di consegna della mappa oppure \u00e8 a qualche decina di metri di distanza, secondo il metodo <em>delayed start<\/em>. Segue quindi la descrizione per ogni punto: nella <strong>prima colonna<\/strong> \u00e8 riportato il numero progressivo del punto e nella <strong>seconda colonna<\/strong> \u00e8 riportato il codice che troveremo sulla lanterna. <strong>Dalla terza all&#8217;ottava colonna<\/strong> troveremo\u00a0il posizionamento esatto del punto secondo questa legenda:<\/p>\n<p><a href=\"https:\/\/files.ortarzo.it\/2017\/04\/descrizione_punti.svg\"><img decoding=\"async\" class=\"aligncenter size-full wp-image-8524\" src=\"https:\/\/files.ortarzo.it\/2017\/04\/descrizione_punti.svg\" alt=\"\" \/><\/a><\/p>\n<p>Come <strong>ultima riga<\/strong> \u00e8 riportata la distanza dall&#8217;ultimo punto all&#8217;arrivo e l&#8217;indicazione se\u00a0il tratto \u00e8 segnalato (fettucce, striscioni, transenne)\u00a0oppure no.<\/p>\n<p>La legenda riportata\u00a0\u00e8 un riepilogo sintetico delle specifiche internazionali che potete trovare complete in <a href=\"https:\/\/files.ortarzo.it\/2017\/04\/IOF-Control-Descriptions-2004-ITA.pdf\">IOF Control Descriptions 2004 (ITA)<\/a>. Se volete stampare un foglio riepilogativo\u00a0per studiarlo con calma potete <a href=\"https:\/\/files.ortarzo.it\/2017\/04\/descrizione_punti_sintesi_stampabile.pdf\">scaicarlo qui in pdf<\/a>.<\/p>\n","protected":false},"excerpt":{"rendered":"<p>In una gara di orienteering uno strumento molto utile \u00e8 la descrizione dei punti\u00a0che solitamente \u00e8 stampata sulla mappa di gara ma spesso viene\u00a0consegnata separatamente per\u00a0applicarla nel porta descrizioni sull&#8217;avambraccio. La\u00a0descrizione dei punti ci fornisce informazioni dettagliate e precise su ogni punto di controllo che dobbiamo raggiungere. La descrizione pu\u00f2 essere testuale (per i principianti) [&hellip;]<\/p>\n","protected":false},"author":26,"featured_media":8446,"parent":8331,"menu_order":0,"comment_status":"closed","ping_status":"closed","template":"","meta":{"footnotes":""},"class_list":["post-8443","page","type-page","status-publish","has-post-thumbnail","hentry"],"_links":{"self":[{"href":"https:\/\/www.ortarzo.it\/en\/wp-json\/wp\/v2\/pages\/8443","targetHints":{"allow":["GET"]}}],"collection":[{"href":"https:\/\/www.ortarzo.it\/en\/wp-json\/wp\/v2\/pages"}],"about":[{"href":"https:\/\/www.ortarzo.it\/en\/wp-json\/wp\/v2\/types\/page"}],"author":[{"embeddable":true,"href":"https:\/\/www.ortarzo.it\/en\/wp-json\/wp\/v2\/users\/26"}],"replies":[{"embeddable":true,"href":"https:\/\/www.ortarzo.it\/en\/wp-json\/wp\/v2\/comments?post=8443"}],"version-history":[{"count":16,"href":"https:\/\/www.ortarzo.it\/en\/wp-json\/wp\/v2\/pages\/8443\/revisions"}],"predecessor-version":[{"id":8526,"href":"https:\/\/www.ortarzo.it\/en\/wp-json\/wp\/v2\/pages\/8443\/revisions\/8526"}],"up":[{"embeddable":true,"href":"https:\/\/www.ortarzo.it\/en\/wp-json\/wp\/v2\/pages\/8331"}],"wp:featuredmedia":[{"embeddable":true,"href":"https:\/\/www.ortarzo.it\/en\/wp-json\/wp\/v2\/media\/8446"}],"wp:attachment":[{"href":"https:\/\/www.ortarzo.it\/en\/wp-json\/wp\/v2\/media?parent=8443"}],"curies":[{"name":"wp","href":"https:\/\/api.w.org\/{rel}","templated":true}]}}