{"id":6125,"date":"2016-02-11T17:14:54","date_gmt":"2016-02-11T16:14:54","guid":{"rendered":"http:\/\/www.ortarzo.it\/?page_id=6125"},"modified":"2023-01-19T22:20:10","modified_gmt":"2023-01-19T21:20:10","slug":"prima-gara-orienteering","status":"publish","type":"page","link":"https:\/\/www.ortarzo.it\/en\/prima-gara-orienteering\/","title":{"rendered":"La mia prima gara di orienteering"},"content":{"rendered":"<p>Hai voglia di provare questo fantastico sport? Qui troverai una guida per partecipare alla tua prima gara di orienteering. Presta attenzione: crea dipendenza!<\/p>\n<h2>Trovare una gara<\/h2>\n<p>Il primo passo per entrare nell&#8217;ambiente \u00e8 quello di partecipare a una gara promozionale e mettersi alla prova in un percorso per neofiti. In ogni gara\u00a0\u00e8 sempre presente la categoria\u00a0<em>Esordienti<\/em> (o <em>Bianco<\/em>) che permette a chiunque di provare l&#8217;orienteering con un percorso corto e non tecnicamente impegnativo.<\/p>\n<p>Trovare una gara promozionale \u00e8 semplice: basta consultare il <a href=\"https:\/\/www.ortarzo.it\/calendario\/\" title=\"\">nostro calendario<\/a>\u00a0oppure quello\u00a0<a href=\"http:\/\/www.fiso.it\/gar_lista.php\" title=\"\">nazionale<\/a>. In provincia di Treviso ogni anno viene organizzato il <em><a href=\"https:\/\/tourtrevigiano.it\/\" title=\"\">Tour Trevigiano<\/a><\/em>, un circuito con 15\/20 gare pensato per chi vuole avvicinarsi per la prima volta al nostro sport. Se vicino a casa vostra viene organizzata una manifestazione importante, come una prova di Coppa Italia o di Campionato Italiano, non abbiate timore: l&#8217;organizzazione \u00e8 pronta ad accogliervi nel percorso <em>Esordienti<\/em>. In questa categoria ci si pu\u00f2 sempre iscrivere sul posto.<\/p>\n<p><img loading=\"lazy\" decoding=\"async\" class=\"aligncenter size-large wp-image-6184\" src=\"https:\/\/files.ortarzo.it\/2015\/11\/DSC_9672-e1447691543919-1024x371.jpg\" alt=\"DSC_9672\" width=\"680\" height=\"246\" \/><\/p>\n<h2>Scegliere una categoria<\/h2>\n<p>\u00c8 importante ricordarsi che l&#8217;orienteering non \u00e8 solo corsa quindi un podista esperto\u00a0non deve aver timore di iniziare con il percorso da &#8220;solo&#8221; 2 km: prima di correre a tutta velocit\u00e0 bisogna prendere confidenza con la mappa. Se si sbaglia\u00a0strada i chilometri\u00a0aumentano esponenzialmente.<\/p>\n<p>La lunghezza indicata al momento dell&#8217;iscrizione \u00e8 sempre in linea d&#8217;aria, quella effettiva dipende dalle scelte di percorso effettuate da ogni singolo atleta: c&#8217;\u00e8 chi preferisce farlo pi\u00f9 corto in salita e chi pi\u00f9 lungo tutto in piano. Infine c&#8217;\u00e8 chi ha le gambe che corrono pi\u00f9 della testa e deve tornare continuamente indietro!<\/p>\n<p>Le categorie delle gare non ufficiali (promozionali) sono dei colori:\u00a0<em>Bianco, Giallo, Rosso, Nero<\/em>. Sono in ordine di difficolt\u00e0, \u00e8 bene iniziare con il <em>Bianco<\/em> e poi aumentare di livello gradualmente. Nelle gare ufficiali le categorie\u00a0agonistiche sono divise per sesso e per et\u00e0. I non agonisti possono correre in <em>Esordienti<\/em>, oppure nei colori, qualora previsti.<\/p>\n<p><a href=\"https:\/\/files.ortarzo.it\/2015\/11\/orienteering-lago-giallo.jpg\" data-rel=\"lightbox-image-0\" data-rl_title=\"\" data-rl_caption=\"\" title=\"\"><img loading=\"lazy\" decoding=\"async\" class=\"aligncenter size-large wp-image-6186\" src=\"https:\/\/files.ortarzo.it\/2015\/11\/orienteering-lago-giallo-1024x409.jpg\" alt=\"Percorso di orienteering - giallo\" width=\"680\" height=\"272\" srcset=\"https:\/\/files.ortarzo.it\/2015\/11\/orienteering-lago-giallo-1024x409.jpg 1024w, https:\/\/files.ortarzo.it\/2015\/11\/orienteering-lago-giallo-300x120.jpg 300w, https:\/\/files.ortarzo.it\/2015\/11\/orienteering-lago-giallo-275x110.jpg 275w, https:\/\/files.ortarzo.it\/2015\/11\/orienteering-lago-giallo.jpg 1900w\" sizes=\"auto, (max-width: 680px) 100vw, 680px\" \/><\/a><\/p>\n<h2>Iscrizione e tesseramento<\/h2>\n<p>Per partecipare alle gare \u00e8 bene essere tesserati alla FISO (Federazione Italiana Sport Orientamento). Il tesseramento fornisce la copertura assicurativa e vale fino al 31 dicembre dell&#8217;anno in corso. La tessera\u00a0non agonista si pu\u00f2 fare anche sul luogo di gara e costa pochi euro (per i minorenni potrebbe anche essere gratuita). Per tesserarsi \u00e8 necessario compilare un <a href=\"https:\/\/www.ortarzo.it\/area-soci\/regolamenti-e-moduli\/\">modulo<\/a>\u00a0con la propria anagrafica (e il codice fiscale) e avere un certificato medico per l&#8217;attivit\u00e0 sportiva non agonistica, rilasciato dal pediatra o dal medico di base. Alla gara successiva baster\u00e0 comunicare il proprio nominativo e l&#8217;organizzazione vi trover\u00e0 nel database nazionale!<\/p>\n<p>L&#8217;iscrizione nelle categorie a colori o nella categoria Esordienti \u00e8 possibile effettuarla sul posto di gara. In ogni caso \u00e8 meglio non rischiare di arrivare a mappe gi\u00e0 terminate contattando\u00a0gli organizzatori che\u00a0potranno rispondere anche a eventuali domande.<\/p>\n<h2>Il testimone: chip o cartellino?<\/h2>\n<p>Oltre a trovare tutti i punti di controllo bisogna anche testimoniare il proprio passaggio. Fino a qualche anno fa si usavano dei cartellini cartacei da punzonare ad ogni lanterna. Nelle manifestazioni pi\u00f9 piccole potrebbe ancora essere utilizzato questo sistema, tuttavia la maggior parte delle gare,\u00a0anche quelle non ufficiali, si sono attrezzate con un sistema di punzonatura elettronico.<\/p>\n<p>Ad ogni concorrente viene consegnato, all&#8217;iscrizione, un chip da tenere sul dito e infilare nelle stazioni elettroniche posizionate sui punti di controllo. In partenza c&#8217;\u00e8 una stazione &#8220;START&#8221; che fa partire il tempo e all&#8217;arrivo c&#8217;\u00e8 un &#8220;FINISH&#8221; che lo blocca. Dopo il proprio arrivo bisogna recarsi nella postazione con il computer per leggere il proprio chip e registrare la propria posizione in classifica. Se avete qualche dubbio chiedete allo staff in partenza: \u00e8 l\u00ec proprio per darvi una mano!<\/p>\n<h2>Gli strumenti del mestiere: Bussola e Sicard<\/h2>\n<p><img loading=\"lazy\" decoding=\"async\" class=\"alignright wp-image-6578 size-thumbnail\" src=\"https:\/\/files.ortarzo.it\/2016\/02\/15060969224_5bc96440a6_z-150x150.jpg\" alt=\"15060969224_5bc96440a6_z\" width=\"150\" height=\"150\" \/>Finalmente con le scarpe ai piedi e il chip al dito possiamo recarci in partenza, prendere la mappa e iniziare la nostra gara!\u00a0E la bussola? Per le categorie pi\u00f9 semplici (<em>Esordienti, Bianco, Giallo<\/em>) la bussola non \u00e8 indispensabile, potrebbe essere che l&#8217;organizzazione la fornisca\u00a0insieme al chip di cronometraggio, ma capita di rado.<\/p>\n<p>Se iniziate a fare gare con assiduit\u00e0 potete pensare di acquistarne una personale presso un <a href=\"https:\/\/www.luff.it\/\">negozio specializzato<\/a>. Insieme alla bussola solitamente si acquista anche un chip (Sicard) personale: ci\u00f2 vi consentir\u00e0 di non doverlo noleggiare pi\u00f9 e di risparmiare circa 1\u20ac a gara. I prezzi delle bussole di buona qualit\u00e0\u00a0partono da circa 35\u20ac, quelli delle Sicard partono da circa 30\u20ac. Esiste anche la possibilit\u00e0 di acquistare una bussola con chip incorporato per poco meno di 60\u20ac.<\/p>\n<h2>La mappa\u00a0da orienteering<\/h2>\n<p>Le mappe da orienteering sono\u00a0cartine topografiche estremamente dettagliate con una simbologia studiata appositamente per rappresentare al meglio la realt\u00e0. Una legenda semplificata la puoi <a href=\"https:\/\/files.ortarzo.it\/2015\/11\/legenda-mappe.pdf\">scaricare qui<\/a>. In alternativa puoi consultare le specifiche internazionali <a href=\"https:\/\/files.ortarzo.it\/2015\/11\/ISOM2000.pdf\">ISOM2000<\/a> (carte in scala 1:10.000 e 1:15.000) e <a href=\"https:\/\/files.ortarzo.it\/2015\/11\/ISSOM2007.pdf\">ISSOM2007<\/a> (carte in scala 1:4.000 e 1:5.000). Quando si dice che una carta \u00e8 &#8220;<em>in scala 1:5.000<\/em>&#8221; significa che 1 cm sulla carta corrispondono a 5.000 cm nella realt\u00e0 (50 metri).<\/p>\n<p>Il percorso da compiere \u00e8 disegnato in color rosso\/magenta. La partenza \u00e8 rappresentata con un triangolo e l&#8217;arrivo con un doppio cerchio. I punti di controllo sono contrassegnati con un cerchio e la lanterna si trova nel centro esatto del cerchio. Nelle gare classiche, a <strong>sequenza obbligata<\/strong>, bisogna trovare tutti i punti nell&#8217;ordine indicato. Nelle gare a<strong> sequenza libera<\/strong> il concorrente\u00a0pu\u00f2 trovare i punti nell&#8217;ordine che preferisce. Vince chi trova tutti i punti nel minor tempo, nel caso venga saltato un punto si\u00a0viene esclusi dalla classifica (viene riportato &#8220;Punto Errato&#8221; o &#8220;Punto Mancante&#8221;, a seconda delle occasioni).<\/p>\n<p>Se hai ancora dubbi contattaci pure! info@ortarzo.it<\/p>\n","protected":false},"excerpt":{"rendered":"<p>Hai voglia di provare questo fantastico sport? Qui troverai una guida per partecipare alla tua prima gara di orienteering. Presta attenzione: crea dipendenza! Trovare una gara Il primo passo per entrare nell&#8217;ambiente \u00e8 quello di partecipare a una gara promozionale e mettersi alla prova in un percorso per neofiti. In ogni gara\u00a0\u00e8 sempre presente la [&hellip;]<\/p>\n","protected":false},"author":26,"featured_media":6576,"parent":0,"menu_order":0,"comment_status":"closed","ping_status":"closed","template":"","meta":{"footnotes":""},"class_list":["post-6125","page","type-page","status-publish","has-post-thumbnail","hentry"],"_links":{"self":[{"href":"https:\/\/www.ortarzo.it\/en\/wp-json\/wp\/v2\/pages\/6125","targetHints":{"allow":["GET"]}}],"collection":[{"href":"https:\/\/www.ortarzo.it\/en\/wp-json\/wp\/v2\/pages"}],"about":[{"href":"https:\/\/www.ortarzo.it\/en\/wp-json\/wp\/v2\/types\/page"}],"author":[{"embeddable":true,"href":"https:\/\/www.ortarzo.it\/en\/wp-json\/wp\/v2\/users\/26"}],"replies":[{"embeddable":true,"href":"https:\/\/www.ortarzo.it\/en\/wp-json\/wp\/v2\/comments?post=6125"}],"version-history":[{"count":5,"href":"https:\/\/www.ortarzo.it\/en\/wp-json\/wp\/v2\/pages\/6125\/revisions"}],"predecessor-version":[{"id":12176,"href":"https:\/\/www.ortarzo.it\/en\/wp-json\/wp\/v2\/pages\/6125\/revisions\/12176"}],"wp:featuredmedia":[{"embeddable":true,"href":"https:\/\/www.ortarzo.it\/en\/wp-json\/wp\/v2\/media\/6576"}],"wp:attachment":[{"href":"https:\/\/www.ortarzo.it\/en\/wp-json\/wp\/v2\/media?parent=6125"}],"curies":[{"name":"wp","href":"https:\/\/api.w.org\/{rel}","templated":true}]}}