{"id":5739,"date":"2015-08-25T16:05:44","date_gmt":"2015-08-25T14:05:44","guid":{"rendered":"http:\/\/www.ortarzo.it\/sito2015\/?page_id=5739"},"modified":"2017-04-11T18:34:32","modified_gmt":"2017-04-11T16:34:32","slug":"orienteering","status":"publish","type":"page","link":"https:\/\/www.ortarzo.it\/en\/orienteering\/","title":{"rendered":"L&#8217;Orienteering"},"content":{"rendered":"<p>L&#8217;<strong>orienteering<\/strong> \u00e8 uno sport che premia chi riesce a esplorare con sicurezza un <strong>territorio sconosciuto<\/strong>.\u00a0\u00c8 caratterizzato da una gara a cronometro dove i partecipanti usano una <strong>mappa<\/strong> dettagliata per raggiungere i <strong>punti di controllo<\/strong> scegliendo il percorso migliore. Questo sport si pu\u00f2 praticare sia in bosco che in citt\u00e0, sia a livello amatoriale (come se fosse un&#8217;escursione fuori porta), sia a livello agonistico. La disciplina pi\u00f9 praticata \u00e8 la corsa (C-O) ma esistono anche le varianti in mountain-bike (MTB-O), con gli sci da fondo (SCI-O) e la versione paralimpica (TRAIL-O) dove non conta la velocit\u00e0 ma la precisione.<\/p>\n<p><img loading=\"lazy\" decoding=\"async\" class=\"aligncenter wp-image-5780 size-large\" src=\"http:\/\/files.ortarzo.it\/2015\/08\/DSC_9857-1024x680.jpg\" alt=\"Praticanti di orienteering\" width=\"680\" height=\"452\" srcset=\"https:\/\/files.ortarzo.it\/2015\/08\/DSC_9857-1024x680.jpg 1024w, https:\/\/files.ortarzo.it\/2015\/08\/DSC_9857-300x199.jpg 300w, https:\/\/files.ortarzo.it\/2015\/08\/DSC_9857-166x110.jpg 166w, https:\/\/files.ortarzo.it\/2015\/08\/DSC_9857.jpg 2048w\" sizes=\"auto, (max-width: 680px) 100vw, 680px\" \/><\/p>\n<p>Un percorso classico consiste in una partenza, una serie di punti di controlli\u00a0da visitare nell&#8217;ordine indicato e un arrivo. Sul terreno ogni punto di controllo \u00e8 segnalato con una bandiera bianca e arancione, nel gergo chiamata <strong>lanterna<\/strong>. Per registrare il proprio passaggio l&#8217;atleta deve punzonare il cartellino testimone oppure inserire il chip elettronico nell&#8217;apposita stazione. Vince il partecipante che trova tutti i punti di controllo nell&#8217;esatto ordine e che ci ha impiegato il <strong>minor tempo<\/strong>.<\/p>\n<p><a href=\"http:\/\/files.ortarzo.it\/2015\/08\/mappa-di-esempio.jpg\" data-rel=\"lightbox-image-0\" data-rl_title=\"\" data-rl_caption=\"\" title=\"\"><img loading=\"lazy\" decoding=\"async\" class=\"aligncenter wp-image-5784 size-full\" src=\"http:\/\/files.ortarzo.it\/2015\/08\/mappa-di-esempio.jpg\" alt=\"Mappa di orienteering\" width=\"800\" height=\"601\" srcset=\"https:\/\/files.ortarzo.it\/2015\/08\/mappa-di-esempio.jpg 800w, https:\/\/files.ortarzo.it\/2015\/08\/mappa-di-esempio-300x225.jpg 300w, https:\/\/files.ortarzo.it\/2015\/08\/mappa-di-esempio-146x110.jpg 146w\" sizes=\"auto, (max-width: 800px) 100vw, 800px\" \/><\/a><\/p>\n<p>La mappa che si usa per l&#8217;orienteering ha una simbologia specifica\u00a0ed \u00e8 estremamente dettagliata: a seconda della gara la scala pu\u00f2 variare da 1:15.000 a 1:5000 (1 cm sulla mappa\u00a0equivale a 150\/50 m\u00a0sul terreno). I colori e i simboli utilizzati sono uguali in tutto il mondo e si adattano a uno standard definito dalla\u00a0<a href=\"http:\/\/orienteering.org\/\">federazione interazionale (IOF)<\/a>.<\/p>\n<p>In Italia l&#8217;orienteering\u00a0viene praticato da molte associazioni affiliate alla <a href=\"http:\/\/www.fiso.it\">Federazione Italiana Sport Orientamento<\/a> (disciplina sportiva associata al <a href=\"http:\/\/www.coni.it\/\">CONI<\/a> e disciplina paralimpica riconosciuta dal <a href=\"http:\/\/www.comitatoparalimpico.it\/\">CIP<\/a>). Se sei interessato scopri come<a href=\"https:\/\/www.ortarzo.it\/prima-gara-orienteering\/\">\u00a0prendere parte alla tua prima gara<\/a>.<\/p>\n<p>L&#8217;orienteering negli ultimi anni \u00e8 sempre pi\u00f9 praticato anche dalle aziende come attivit\u00e0 di\u00a0<a href=\"https:\/\/www.ortarzo.it\/team-building\/\">team building<\/a>. Una giornata di questo sport pu\u00f2 migliorare la coesione di\u00a0un gruppo di lavoro che potr\u00e0 tornare in azienda pi\u00f9 produttivo di prima.<\/p>\n<p><img loading=\"lazy\" decoding=\"async\" class=\"aligncenter wp-image-5782 size-large\" src=\"http:\/\/files.ortarzo.it\/2015\/08\/P4176213-1024x768.jpg\" alt=\"Arrivo gara di orienteering\" width=\"680\" height=\"510\" srcset=\"https:\/\/files.ortarzo.it\/2015\/08\/P4176213-1024x768.jpg 1024w, https:\/\/files.ortarzo.it\/2015\/08\/P4176213-300x225.jpg 300w, https:\/\/files.ortarzo.it\/2015\/08\/P4176213-147x110.jpg 147w, https:\/\/files.ortarzo.it\/2015\/08\/P4176213.jpg 2048w\" sizes=\"auto, (max-width: 680px) 100vw, 680px\" \/><\/p>\n","protected":false},"excerpt":{"rendered":"<p>L&#8217;orienteering \u00e8 uno sport che premia chi riesce a esplorare con sicurezza un territorio sconosciuto.\u00a0\u00c8 caratterizzato da una gara a cronometro dove i partecipanti usano una mappa dettagliata per raggiungere i punti di controllo scegliendo il percorso migliore. Questo sport si pu\u00f2 praticare sia in bosco che in citt\u00e0, sia a livello amatoriale (come se [&hellip;]<\/p>\n","protected":false},"author":26,"featured_media":0,"parent":0,"menu_order":0,"comment_status":"closed","ping_status":"closed","template":"","meta":{"footnotes":""},"class_list":["post-5739","page","type-page","status-publish","hentry"],"_links":{"self":[{"href":"https:\/\/www.ortarzo.it\/en\/wp-json\/wp\/v2\/pages\/5739","targetHints":{"allow":["GET"]}}],"collection":[{"href":"https:\/\/www.ortarzo.it\/en\/wp-json\/wp\/v2\/pages"}],"about":[{"href":"https:\/\/www.ortarzo.it\/en\/wp-json\/wp\/v2\/types\/page"}],"author":[{"embeddable":true,"href":"https:\/\/www.ortarzo.it\/en\/wp-json\/wp\/v2\/users\/26"}],"replies":[{"embeddable":true,"href":"https:\/\/www.ortarzo.it\/en\/wp-json\/wp\/v2\/comments?post=5739"}],"version-history":[{"count":1,"href":"https:\/\/www.ortarzo.it\/en\/wp-json\/wp\/v2\/pages\/5739\/revisions"}],"predecessor-version":[{"id":8382,"href":"https:\/\/www.ortarzo.it\/en\/wp-json\/wp\/v2\/pages\/5739\/revisions\/8382"}],"wp:attachment":[{"href":"https:\/\/www.ortarzo.it\/en\/wp-json\/wp\/v2\/media?parent=5739"}],"curies":[{"name":"wp","href":"https:\/\/api.w.org\/{rel}","templated":true}]}}