{"id":11618,"date":"2022-08-28T12:30:41","date_gmt":"2022-08-28T10:30:41","guid":{"rendered":"https:\/\/www.ortarzo.it\/?page_id=11618"},"modified":"2024-12-27T22:01:29","modified_gmt":"2024-12-27T21:01:29","slug":"allenamenti","status":"publish","type":"page","link":"https:\/\/www.ortarzo.it\/en\/allenamenti\/","title":{"rendered":"Allenamenti"},"content":{"rendered":"<p>Organizziamo allenamenti per ragazze e ragazzi dai 10 anni. Anche gli adulti sono i benvenuti, abbiamo un gruppo master!<\/p>\n<p><a href=\"https:\/\/files.ortarzo.it\/2022\/08\/volantino-orienteering-allenamenti.pdf\">Scarica il volantino<\/a><\/p>\n<h3>Calendario<\/h3>\n<p>Gli allenamenti si svolgono di norma tre volte a settimana (luned\u00ec, mercoled\u00ec e venerd\u00ec) da settembre a giugno (d&#8217;estate si continua in maniera ridotta); <a href=\"https:\/\/www.ortarzo.it\/area-soci\/attivita\/\" target=\"_blank\" rel=\"noopener\">calendario allenamenti \/ gare della societ\u00e0<\/a>. Gli orari qui indicati sono da considerare indicativi.<\/p>\n<ul class=\"list-group\">\n<li   class=\"list-group-item\">\n<h4 class=\"list-group-item-heading\">Luned\u00ec<\/h4>\n<p class=\"list-group-item-text\">\nOre 18.30 &#8211; 19.30 a Santa Maria (palestra delle scuole)<br \/>\nEsercizi di rinforzo e stabilit\u00e0 di tutte le articolazioni e della catena cinetica anteriore e posteriore per ottimizzare il gesto motorio dell&#8217;orienteering.<br \/>\nTecnico: Raul<br \/>\n<\/p>\n<\/li>\n<li   class=\"list-group-item\">\n<h4 class=\"list-group-item-heading\">Mercoled\u00ec<\/h4>\n<p class=\"list-group-item-text\">\nOre 18.00 &#8211; 19.00 a Revine (pista di atletica)<br \/>\nAllenamento di corsa<br \/>\nTecnico: Enrico<br \/>\n<\/p>\n<\/li>\n<li   class=\"list-group-item\">\n<h4 class=\"list-group-item-heading\">Venerd\u00ec<\/h4>\n<p class=\"list-group-item-text\">\nOre 18.15 &#8211; 19.30 in localit\u00e0 variabile a seconda della mappa usata<br \/>\nAllenamento tecnico usando le mappe di orienteering della zona<br \/>\nTecnici: Chiara, Guido, Mauro, Elena, Roland, Francesca, Alessandro, Valeria, Mirko&#8230;<br \/>\n<\/p>\n<\/li>\n<li   class=\"list-group-item\">\n<h4 class=\"list-group-item-heading\">Weekend<\/h4>\n<p class=\"list-group-item-text\">\nPartecipazione alle gare in tutta Italia!<br \/>\nLe gare pi\u00f9 importanti della stagione agonistica sono fra fine marzo e inizio giugno e a settembre\/ottobre. Nei mesi restanti si partecipa a gare promozionali in zona oppure a manifestazioni internazionali, d&#8217;estate. Il calendario delle gare <a href=\"http:\/\/www.fisoveneto.it\/calendario#next\">\u00e8 visibile nel sito della federazione<\/a>.<br \/>\n<\/p>\n<\/li>\n<\/ul>\n<h3>Costo<\/h3>\n<p>Il tesseramento dei ragazzi che vogliono partecipare agli allenamenti costa indicativamente 75\u20ac ogni sei mesi (150\u20ac all&#8217;anno), comprensivo degli allenamenti, del trasporto in loco (quando organizzato), assicurazione e tesseramento FISO. Escluse le gare e <a href=\"https:\/\/www.ortarzo.it\/area-soci\/abbigliamento\/\">l&#8217;abbigliamento<\/a>. Ulteriori dettagli nel <a href=\"https:\/\/files.ortarzo.it\/2022\/12\/Tesseramento-2023.pdf\" target=\"_blank\" rel=\"noopener\">modulo di tesseramento<\/a>.<\/p>\n<h3>Certificato medico<\/h3>\n<p>\u00c8 richiesto un certificato medico per l&#8217;attivit\u00e0 sportiva agonistica, \u00e8 gratuito per i minorenni nelle <a href=\"http:\/\/www.istitutodimedicinadellosport.it\">strutture convenzionate ULSS<\/a>.<\/p>\n<h3>Contatti<\/h3>\n<p>Non vedi l&#8217;ora di iniziare? Compila il <a href=\"https:\/\/files.ortarzo.it\/2022\/12\/Tesseramento-2023.pdf\" target=\"_blank\" rel=\"noopener\">modulo di tesseramento<\/a>.<\/p>\n<ul>\n<li>info@ortarzo.it<\/li>\n<li>Enrico: 347 3910291<\/li>\n<li>Edoardo: 339 3234166<\/li>\n<\/ul>\n<h3>Domande frequenti<\/h3>\n<blockquote><p>Il trasporto come funziona?<\/p><\/blockquote>\n<p>Se l&#8217;allenamento \u00e8 a Tarzo o a Revine il trasporto \u00e8 in autonomia. Soprattutto per gli allenamenti tecnici potrebbe esserci la necessit\u00e0 di spostarsi nei comuni limitrofi, in questi casi organizziamo il trasporto con il nostro pulmino.<\/p>\n<blockquote><p>Non so se mi piace, posso venire a provare?<\/p><\/blockquote>\n<p>Certamente! Chi \u00e8 indeciso pu\u00f2 venire a conoscerci e vedere di cosa si tratta gratuitamente.<\/p>\n<blockquote><p>Le gare sono obbligatorie? Quanto costano?<\/p><\/blockquote>\n<p>Le gare non sono obbligatorie ma sono la parte pi\u00f9 divertente! Ognuno pu\u00f2 scegliere a quali gare partecipare. Solitamente il costo di una singola gara varia dai 3\/4\/5 euro per quelle promozionali ai 7 (minorenni)\/15(maggiorenni) di quelle nazionali. Pi\u00f9 il trasporto e l&#8217;eventuale vitto\/alloggio per le trasferte pi\u00f9 lontane. L&#8217;associazione anticipa le quote di iscrizioni alle gare e si conguaglia due volte all&#8217;anno.<\/p>\n<blockquote><p>Di che attrezzatura ho bisogno? Dove la compro?<\/p><\/blockquote>\n<p>Per iniziare a fare orienteering bastano le proprie gambe e la propria testa! \u00c8 consigliato abbigliamento da running (termico, per l&#8217;inverno) e calzettoni\/ghette per proteggersi dalla vegetazione in bosco. All&#8217;inizio vanno bene delle comuni scarpe da ginnastica, poi sarebbero da acquistare un paio di scarpe con del &#8220;grip&#8221; per evitare di scivolare nel bosco.<\/p>\n<p>In seguito \u00e8 da valutare l&#8217;acquisto di una bussola da dito (<a href=\"https:\/\/www.decathlon.it\/p\/bussola-pollice-sinistro-orienteering-racer-500-nero-arancione\/_\/R-p-303529?mc=8518778&amp;c=ARANCIONE\">le vendono anche alla Decathlon<\/a>) e una <a href=\"https:\/\/www.decathlon.it\/browse\/c0-accessori\/c1-occhiali-da-sole-binocoli-e-torce\/c2-lampade-frontali\/_\/N-18sqpm6\">pila frontale<\/a> per gli allenamenti invernali. Per alcuni esercizi del luned\u00ec \u00e8 utile una fascia elastica. Infine il chip di cronometraggio (sicard) viene fornito a noleggio da 1.5\u20ac a gara, sul lungo termine conviene acquistarlo (30\u20ac). L&#8217;associazione mette a disposizione bussole\/pile\/fascie elastiche\/sicard per chi inizia.<\/p>\n<p><!-- Meta Pixel Code --><br \/>\n<img loading=\"lazy\" decoding=\"async\" style=\"display: none;\" src=\"https:\/\/www.facebook.com\/tr?id=618929819579385&amp;ev=PageView&amp;noscript=1\" width=\"1\" height=\"1\" \/><img loading=\"lazy\" decoding=\"async\" class=\"size-full wp-image-14245 aligncenter\" src=\"https:\/\/files.ortarzo.it\/2024\/12\/logo-contributo-statale.png\" alt=\"\" width=\"1000\" height=\"217\" srcset=\"https:\/\/files.ortarzo.it\/2024\/12\/logo-contributo-statale.png 1000w, https:\/\/files.ortarzo.it\/2024\/12\/logo-contributo-statale-300x65.png 300w, https:\/\/files.ortarzo.it\/2024\/12\/logo-contributo-statale-768x167.png 768w, https:\/\/files.ortarzo.it\/2024\/12\/logo-contributo-statale-500x110.png 500w\" sizes=\"auto, (max-width: 1000px) 100vw, 1000px\" \/><br \/>\n<!-- End Meta Pixel Code --><\/p>\n","protected":false},"excerpt":{"rendered":"<p>Organizziamo allenamenti per ragazze e ragazzi dai 10 anni. Anche gli adulti sono i benvenuti, abbiamo un gruppo master! Scarica il volantino Calendario Gli allenamenti si svolgono di norma tre volte a settimana (luned\u00ec, mercoled\u00ec e venerd\u00ec) da settembre a giugno (d&#8217;estate si continua in maniera ridotta); calendario allenamenti \/ gare della societ\u00e0. Gli orari [&hellip;]<\/p>\n","protected":false},"author":37,"featured_media":11621,"parent":0,"menu_order":0,"comment_status":"closed","ping_status":"closed","template":"","meta":{"footnotes":""},"class_list":["post-11618","page","type-page","status-publish","has-post-thumbnail","hentry"],"_links":{"self":[{"href":"https:\/\/www.ortarzo.it\/en\/wp-json\/wp\/v2\/pages\/11618","targetHints":{"allow":["GET"]}}],"collection":[{"href":"https:\/\/www.ortarzo.it\/en\/wp-json\/wp\/v2\/pages"}],"about":[{"href":"https:\/\/www.ortarzo.it\/en\/wp-json\/wp\/v2\/types\/page"}],"author":[{"embeddable":true,"href":"https:\/\/www.ortarzo.it\/en\/wp-json\/wp\/v2\/users\/37"}],"replies":[{"embeddable":true,"href":"https:\/\/www.ortarzo.it\/en\/wp-json\/wp\/v2\/comments?post=11618"}],"version-history":[{"count":32,"href":"https:\/\/www.ortarzo.it\/en\/wp-json\/wp\/v2\/pages\/11618\/revisions"}],"predecessor-version":[{"id":14246,"href":"https:\/\/www.ortarzo.it\/en\/wp-json\/wp\/v2\/pages\/11618\/revisions\/14246"}],"wp:featuredmedia":[{"embeddable":true,"href":"https:\/\/www.ortarzo.it\/en\/wp-json\/wp\/v2\/media\/11621"}],"wp:attachment":[{"href":"https:\/\/www.ortarzo.it\/en\/wp-json\/wp\/v2\/media?parent=11618"}],"curies":[{"name":"wp","href":"https:\/\/api.w.org\/{rel}","templated":true}]}}